{"id":2823,"date":"2025-06-05T15:30:09","date_gmt":"2025-06-05T13:30:09","guid":{"rendered":"https:\/\/sviluppositi.xyz\/artista\/opera-diciannove\/"},"modified":"2025-07-07T09:45:12","modified_gmt":"2025-07-07T07:45:12","slug":"opera-diciannove","status":"publish","type":"page","link":"https:\/\/cristianoscano.com\/it\/opere\/opera-diciannove\/","title":{"rendered":"Presenze sovrapposte"},"content":{"rendered":"\t\t<div data-elementor-type=\"wp-page\" data-elementor-id=\"2823\" class=\"elementor elementor-2823 elementor-846\" data-elementor-post-type=\"page\">\n\t\t\t\t<div class=\"elementor-element elementor-element-de7199e e-flex e-con-boxed e-con e-parent\" data-id=\"de7199e\" data-element_type=\"container\">\n\t\t\t\t\t<div class=\"e-con-inner\">\n\t\t<div class=\"elementor-element elementor-element-06951e0 e-flex e-con-boxed e-con e-child\" data-id=\"06951e0\" data-element_type=\"container\">\n\t\t\t\t\t<div class=\"e-con-inner\">\n\t\t<div class=\"elementor-element elementor-element-0997ae6 e-con-full e-flex e-con e-child\" data-id=\"0997ae6\" data-element_type=\"container\">\n\t\t\t\t<div class=\"elementor-element elementor-element-44d6eaf elementor-align-left elementor-widget elementor-widget-breadcrumbs\" data-id=\"44d6eaf\" data-element_type=\"widget\" data-widget_type=\"breadcrumbs.default\">\n\t\t\t\t\t<p id=\"breadcrumbs\"><span><span><a href=\"https:\/\/cristianoscano.com\/it\/\">Home<\/a><\/span><\/span><\/p>\t\t\t\t<\/div>\n\t\t\t\t<div class=\"elementor-element elementor-element-bd6bb55 elementor-widget elementor-widget-text-editor\" data-id=\"bd6bb55\" data-element_type=\"widget\" data-widget_type=\"text-editor.default\">\n\t\t\t\t\t\t\t\t\t<p>Figure umane stilizzate si fondono in strati visivi. L\u2019opera esplora la convivenza di identit\u00e0 e memorie.<\/p>\n\t\t\t\t\t\t\t\t<\/div>\n\t\t\t\t<div class=\"elementor-element elementor-element-6348a66 elementor-invisible elementor-widget elementor-widget-button\" data-id=\"6348a66\" data-element_type=\"widget\" data-settings=\"{&quot;_animation&quot;:&quot;fadeInUp&quot;}\" data-widget_type=\"button.default\">\n\t\t\t\t\t\t\t\t\t\t<a class=\"elementor-button elementor-button-link elementor-size-sm\" href=\"https:\/\/cristianoscano.com\/it\/contatti\/\">\n\t\t\t\t\t\t<span class=\"elementor-button-content-wrapper\">\n\t\t\t\t\t\t\t\t\t<span class=\"elementor-button-text\">Contattaci<\/span>\n\t\t\t\t\t<\/span>\n\t\t\t\t\t<\/a>\n\t\t\t\t\t\t\t\t<\/div>\n\t\t\t\t<\/div>\n\t\t<div class=\"elementor-element elementor-element-d3e337c e-con-full e-flex elementor-invisible e-con e-child\" data-id=\"d3e337c\" data-element_type=\"container\" data-settings=\"{&quot;animation&quot;:&quot;fadeInRight&quot;}\">\n\t\t\t\t<div class=\"elementor-element elementor-element-f2c4f61 elementor-widget elementor-widget-image\" data-id=\"f2c4f61\" data-element_type=\"widget\" data-widget_type=\"image.default\">\n\t\t\t\t\t\t\t\t\t\t\t\t\t\t\t\t<a href=\"https:\/\/cristianoscano.com\/wp-content\/uploads\/2025\/06\/29-1.jpg\" data-elementor-open-lightbox=\"yes\" data-elementor-lightbox-title=\"29\" data-e-action-hash=\"#elementor-action%3Aaction%3Dlightbox%26settings%3DeyJpZCI6MTEyOCwidXJsIjoiaHR0cHM6XC9cL2NyaXN0aWFub3NjYW5vLmNvbVwvd3AtY29udGVudFwvdXBsb2Fkc1wvMjAyNVwvMDZcLzI5LTEuanBnIn0%3D\">\n\t\t\t\t\t\t\t<img fetchpriority=\"high\" decoding=\"async\" width=\"800\" height=\"800\" src=\"https:\/\/cristianoscano.com\/wp-content\/uploads\/2025\/06\/29-1.jpg\" class=\"attachment-full size-full wp-image-1128\" alt=\"\" srcset=\"https:\/\/cristianoscano.com\/wp-content\/uploads\/2025\/06\/29-1.jpg 800w, https:\/\/cristianoscano.com\/wp-content\/uploads\/2025\/06\/29-1-300x300.jpg 300w, https:\/\/cristianoscano.com\/wp-content\/uploads\/2025\/06\/29-1-150x150.jpg 150w, https:\/\/cristianoscano.com\/wp-content\/uploads\/2025\/06\/29-1-768x768.jpg 768w\" sizes=\"(max-width: 800px) 100vw, 800px\" \/>\t\t\t\t\t\t\t\t<\/a>\n\t\t\t\t\t\t\t\t\t\t\t\t\t\t\t<\/div>\n\t\t\t\t<\/div>\n\t\t<div class=\"elementor-element elementor-element-8d36aa5 e-con-full e-flex elementor-invisible e-con e-child\" data-id=\"8d36aa5\" data-element_type=\"container\" data-settings=\"{&quot;animation&quot;:&quot;fadeInRight&quot;}\">\n\t\t\t\t<div class=\"elementor-element elementor-element-0d70af3 elementor-widget elementor-widget-video\" data-id=\"0d70af3\" data-element_type=\"widget\" data-settings=\"{&quot;video_type&quot;:&quot;hosted&quot;,&quot;autoplay&quot;:&quot;yes&quot;,&quot;mute&quot;:&quot;yes&quot;,&quot;loop&quot;:&quot;yes&quot;,&quot;controls&quot;:&quot;yes&quot;}\" data-widget_type=\"video.default\">\n\t\t\t\t\t\t\t<div class=\"e-hosted-video elementor-wrapper elementor-open-inline\">\n\t\t\t\t\t<video class=\"elementor-video\" src=\"https:\/\/sviluppositi.xyz\/artista\/wp-content\/uploads\/2025\/06\/27.mp4\" autoplay=\"\" loop=\"\" controls=\"\" muted=\"muted\" controlsList=\"nodownload\"><\/video>\n\t\t\t\t<\/div>\n\t\t\t\t\t\t<\/div>\n\t\t\t\t<\/div>\n\t\t\t\t\t<\/div>\n\t\t\t\t<\/div>\n\t\t\t\t\t<\/div>\n\t\t\t\t<\/div>\n\t\t<div class=\"elementor-element elementor-element-94682e6 e-flex e-con-boxed e-con e-parent\" data-id=\"94682e6\" data-element_type=\"container\">\n\t\t\t\t\t<div class=\"e-con-inner\">\n\t\t<div class=\"elementor-element elementor-element-d9cfcc6 e-con-full e-flex e-con e-child\" data-id=\"d9cfcc6\" data-element_type=\"container\">\n\t\t\t\t<div class=\"elementor-element elementor-element-1440a56 elementor-widget elementor-widget-heading\" data-id=\"1440a56\" data-element_type=\"widget\" data-widget_type=\"heading.default\">\n\t\t\t\t\t<h3 class=\"elementor-heading-title elementor-size-default\">INFORMAZIONI<\/h3>\t\t\t\t<\/div>\n\t\t\t\t<\/div>\n\t\t<div class=\"elementor-element elementor-element-36902ba e-con-full e-flex e-con e-child\" data-id=\"36902ba\" data-element_type=\"container\">\n\t\t<div class=\"elementor-element elementor-element-0c9fd6c e-con-full e-flex e-con e-child\" data-id=\"0c9fd6c\" data-element_type=\"container\">\n\t\t\t\t<div class=\"elementor-element elementor-element-d35c60e elementor-widget elementor-widget-heading\" data-id=\"d35c60e\" data-element_type=\"widget\" data-widget_type=\"heading.default\">\n\t\t\t\t\t<h4 class=\"elementor-heading-title elementor-size-default\">DIMENSIONI<\/h4>\t\t\t\t<\/div>\n\t\t\t\t<div class=\"elementor-element elementor-element-b02ef2a elementor-widget elementor-widget-text-editor\" data-id=\"b02ef2a\" data-element_type=\"widget\" data-widget_type=\"text-editor.default\">\n\t\t\t\t\t\t\t\t\t<p>86&#215;65 cm.<\/p>\n\t\t\t\t\t\t\t\t<\/div>\n\t\t\t\t<\/div>\n\t\t<div class=\"elementor-element elementor-element-aba1598 e-con-full e-flex e-con e-child\" data-id=\"aba1598\" data-element_type=\"container\">\n\t\t\t\t<div class=\"elementor-element elementor-element-baaad8c elementor-widget elementor-widget-heading\" data-id=\"baaad8c\" data-element_type=\"widget\" data-widget_type=\"heading.default\">\n\t\t\t\t\t<h4 class=\"elementor-heading-title elementor-size-default\">MATERIALI<\/h4>\t\t\t\t<\/div>\n\t\t\t\t<div class=\"elementor-element elementor-element-716995f elementor-widget elementor-widget-text-editor\" data-id=\"716995f\" data-element_type=\"widget\" data-widget_type=\"text-editor.default\">\n\t\t\t\t\t\t\t\t\t<p>Resin Art<\/p>\n\t\t\t\t\t\t\t\t<\/div>\n\t\t\t\t<\/div>\n\t\t<div class=\"elementor-element elementor-element-5a201e6 e-con-full e-flex e-con e-child\" data-id=\"5a201e6\" data-element_type=\"container\">\n\t\t\t\t<div class=\"elementor-element elementor-element-85ca04a elementor-widget elementor-widget-heading\" data-id=\"85ca04a\" data-element_type=\"widget\" data-widget_type=\"heading.default\">\n\t\t\t\t\t<h4 class=\"elementor-heading-title elementor-size-default\">ANNO<\/h4>\t\t\t\t<\/div>\n\t\t\t\t<div class=\"elementor-element elementor-element-56f81fd elementor-widget elementor-widget-text-editor\" data-id=\"56f81fd\" data-element_type=\"widget\" data-widget_type=\"text-editor.default\">\n\t\t\t\t\t\t\t\t\t<p>2020<\/p>\n\t\t\t\t\t\t\t\t<\/div>\n\t\t\t\t<\/div>\n\t\t\t\t<\/div>\n\t\t\t\t\t<\/div>\n\t\t\t\t<\/div>\n\t\t<div class=\"elementor-element elementor-element-c346d93 e-flex e-con-boxed e-con e-parent\" data-id=\"c346d93\" data-element_type=\"container\">\n\t\t\t\t\t<div class=\"e-con-inner\">\n\t\t\t\t<div class=\"elementor-element elementor-element-1aa87ec elementor-widget elementor-widget-image\" data-id=\"1aa87ec\" data-element_type=\"widget\" data-settings=\"{&quot;motion_fx_motion_fx_scrolling&quot;:&quot;yes&quot;,&quot;motion_fx_rotateZ_effect&quot;:&quot;yes&quot;,&quot;motion_fx_rotateZ_speed&quot;:{&quot;unit&quot;:&quot;px&quot;,&quot;size&quot;:2.5,&quot;sizes&quot;:[]},&quot;motion_fx_rotateZ_affectedRange&quot;:{&quot;unit&quot;:&quot;%&quot;,&quot;size&quot;:&quot;&quot;,&quot;sizes&quot;:{&quot;start&quot;:0,&quot;end&quot;:100}},&quot;motion_fx_devices&quot;:[&quot;desktop&quot;,&quot;tablet&quot;,&quot;mobile&quot;]}\" data-widget_type=\"image.default\">\n\t\t\t\t\t\t\t\t\t\t\t\t\t\t\t<img decoding=\"async\" width=\"768\" height=\"1000\" src=\"https:\/\/cristianoscano.com\/wp-content\/uploads\/2025\/06\/DAN02478.jpg\" class=\"attachment-full size-full wp-image-1179\" alt=\"\" srcset=\"https:\/\/cristianoscano.com\/wp-content\/uploads\/2025\/06\/DAN02478.jpg 768w, https:\/\/cristianoscano.com\/wp-content\/uploads\/2025\/06\/DAN02478-230x300.jpg 230w\" sizes=\"(max-width: 768px) 100vw, 768px\" \/>\t\t\t\t\t\t\t\t\t\t\t\t\t\t\t<\/div>\n\t\t\t\t\t<\/div>\n\t\t\t\t<\/div>\n\t\t<div class=\"elementor-element elementor-element-12aec30 e-flex e-con-boxed e-con e-parent\" data-id=\"12aec30\" data-element_type=\"container\">\n\t\t\t\t\t<div class=\"e-con-inner\">\n\t\t<div class=\"elementor-element elementor-element-0807f91 e-con-full e-flex e-con e-child\" data-id=\"0807f91\" data-element_type=\"container\">\n\t\t\t\t<div class=\"elementor-element elementor-element-14c69c1 elementor-widget elementor-widget-heading\" data-id=\"14c69c1\" data-element_type=\"widget\" data-widget_type=\"heading.default\">\n\t\t\t\t\t<h3 class=\"elementor-heading-title elementor-size-default\">DETAILS<\/h3>\t\t\t\t<\/div>\n\t\t<div class=\"elementor-element elementor-element-e94c75e e-con-full e-flex e-con e-child\" data-id=\"e94c75e\" data-element_type=\"container\">\n\t\t\t\t<div class=\"elementor-element elementor-element-d17b2e5 elementor-widget elementor-widget-image-gallery\" data-id=\"d17b2e5\" data-element_type=\"widget\" data-widget_type=\"image-gallery.default\">\n\t\t\t\t\t\t\t<div class=\"elementor-image-gallery\">\n\t\t\t<div id='gallery-1' class='gallery galleryid-2823 gallery-columns-4 gallery-size-full'><figure class='gallery-item'>\n\t\t\t<div class='gallery-icon landscape'>\n\t\t\t\t<a data-elementor-open-lightbox=\"yes\" data-elementor-lightbox-slideshow=\"d17b2e5\" data-elementor-lightbox-title=\"29\" data-e-action-hash=\"#elementor-action%3Aaction%3Dlightbox%26settings%3DeyJpZCI6MTEyOCwidXJsIjoiaHR0cHM6XC9cL2NyaXN0aWFub3NjYW5vLmNvbVwvd3AtY29udGVudFwvdXBsb2Fkc1wvMjAyNVwvMDZcLzI5LTEuanBnIiwic2xpZGVzaG93IjoiZDE3YjJlNSJ9\" href='https:\/\/cristianoscano.com\/wp-content\/uploads\/2025\/06\/29-1.jpg'><img decoding=\"async\" width=\"800\" height=\"800\" src=\"https:\/\/cristianoscano.com\/wp-content\/uploads\/2025\/06\/29-1.jpg\" class=\"attachment-full size-full\" alt=\"\" srcset=\"https:\/\/cristianoscano.com\/wp-content\/uploads\/2025\/06\/29-1.jpg 800w, https:\/\/cristianoscano.com\/wp-content\/uploads\/2025\/06\/29-1-300x300.jpg 300w, https:\/\/cristianoscano.com\/wp-content\/uploads\/2025\/06\/29-1-150x150.jpg 150w, https:\/\/cristianoscano.com\/wp-content\/uploads\/2025\/06\/29-1-768x768.jpg 768w\" sizes=\"(max-width: 800px) 100vw, 800px\" \/><\/a>\n\t\t\t<\/div><\/figure><figure class='gallery-item'>\n\t\t\t<div class='gallery-icon landscape'>\n\t\t\t\t<a data-elementor-open-lightbox=\"yes\" data-elementor-lightbox-slideshow=\"d17b2e5\" data-elementor-lightbox-title=\"32\" data-e-action-hash=\"#elementor-action%3Aaction%3Dlightbox%26settings%3DeyJpZCI6MTEzMSwidXJsIjoiaHR0cHM6XC9cL2NyaXN0aWFub3NjYW5vLmNvbVwvd3AtY29udGVudFwvdXBsb2Fkc1wvMjAyNVwvMDZcLzMyLTEuanBnIiwic2xpZGVzaG93IjoiZDE3YjJlNSJ9\" href='https:\/\/cristianoscano.com\/wp-content\/uploads\/2025\/06\/32-1.jpg'><img loading=\"lazy\" decoding=\"async\" width=\"800\" height=\"800\" src=\"https:\/\/cristianoscano.com\/wp-content\/uploads\/2025\/06\/32-1.jpg\" class=\"attachment-full size-full\" alt=\"\" srcset=\"https:\/\/cristianoscano.com\/wp-content\/uploads\/2025\/06\/32-1.jpg 800w, https:\/\/cristianoscano.com\/wp-content\/uploads\/2025\/06\/32-1-300x300.jpg 300w, https:\/\/cristianoscano.com\/wp-content\/uploads\/2025\/06\/32-1-150x150.jpg 150w, https:\/\/cristianoscano.com\/wp-content\/uploads\/2025\/06\/32-1-768x768.jpg 768w\" sizes=\"(max-width: 800px) 100vw, 800px\" \/><\/a>\n\t\t\t<\/div><\/figure><figure class='gallery-item'>\n\t\t\t<div class='gallery-icon landscape'>\n\t\t\t\t<a data-elementor-open-lightbox=\"yes\" data-elementor-lightbox-slideshow=\"d17b2e5\" data-elementor-lightbox-title=\"31\" data-e-action-hash=\"#elementor-action%3Aaction%3Dlightbox%26settings%3DeyJpZCI6MTEzMCwidXJsIjoiaHR0cHM6XC9cL2NyaXN0aWFub3NjYW5vLmNvbVwvd3AtY29udGVudFwvdXBsb2Fkc1wvMjAyNVwvMDZcLzMxLTEuanBnIiwic2xpZGVzaG93IjoiZDE3YjJlNSJ9\" href='https:\/\/cristianoscano.com\/wp-content\/uploads\/2025\/06\/31-1.jpg'><img loading=\"lazy\" decoding=\"async\" width=\"800\" height=\"800\" src=\"https:\/\/cristianoscano.com\/wp-content\/uploads\/2025\/06\/31-1.jpg\" class=\"attachment-full size-full\" alt=\"\" srcset=\"https:\/\/cristianoscano.com\/wp-content\/uploads\/2025\/06\/31-1.jpg 800w, https:\/\/cristianoscano.com\/wp-content\/uploads\/2025\/06\/31-1-300x300.jpg 300w, https:\/\/cristianoscano.com\/wp-content\/uploads\/2025\/06\/31-1-150x150.jpg 150w, https:\/\/cristianoscano.com\/wp-content\/uploads\/2025\/06\/31-1-768x768.jpg 768w\" sizes=\"(max-width: 800px) 100vw, 800px\" \/><\/a>\n\t\t\t<\/div><\/figure><figure class='gallery-item'>\n\t\t\t<div class='gallery-icon landscape'>\n\t\t\t\t<a data-elementor-open-lightbox=\"yes\" data-elementor-lightbox-slideshow=\"d17b2e5\" data-elementor-lightbox-title=\"30\" data-e-action-hash=\"#elementor-action%3Aaction%3Dlightbox%26settings%3DeyJpZCI6MTEyOSwidXJsIjoiaHR0cHM6XC9cL2NyaXN0aWFub3NjYW5vLmNvbVwvd3AtY29udGVudFwvdXBsb2Fkc1wvMjAyNVwvMDZcLzMwLTEuanBnIiwic2xpZGVzaG93IjoiZDE3YjJlNSJ9\" href='https:\/\/cristianoscano.com\/wp-content\/uploads\/2025\/06\/30-1.jpg'><img loading=\"lazy\" decoding=\"async\" width=\"800\" height=\"800\" src=\"https:\/\/cristianoscano.com\/wp-content\/uploads\/2025\/06\/30-1.jpg\" class=\"attachment-full size-full\" alt=\"\" srcset=\"https:\/\/cristianoscano.com\/wp-content\/uploads\/2025\/06\/30-1.jpg 800w, https:\/\/cristianoscano.com\/wp-content\/uploads\/2025\/06\/30-1-300x300.jpg 300w, https:\/\/cristianoscano.com\/wp-content\/uploads\/2025\/06\/30-1-150x150.jpg 150w, https:\/\/cristianoscano.com\/wp-content\/uploads\/2025\/06\/30-1-768x768.jpg 768w\" sizes=\"(max-width: 800px) 100vw, 800px\" \/><\/a>\n\t\t\t<\/div><\/figure>\n\t\t<\/div>\n\t\t<\/div>\n\t\t\t\t\t\t<\/div>\n\t\t\t\t<\/div>\n\t\t\t\t<\/div>\n\t\t\t\t\t<\/div>\n\t\t\t\t<\/div>\n\t\t\t\t<\/div>\n\t\t","protected":false},"excerpt":{"rendered":"<p>Figure umane stilizzate si fondono in strati visivi. L\u2019opera esplora la convivenza di identit\u00e0 e memorie. Contattaci https:\/\/sviluppositi.xyz\/artista\/wp-content\/uploads\/2025\/06\/27.mp4 INFORMAZIONI DIMENSIONI 86&#215;65 cm. MATERIALI Resin Art ANNO 2020 DETAILS<\/p>\n","protected":false},"author":1,"featured_media":1179,"parent":2878,"menu_order":0,"comment_status":"closed","ping_status":"closed","template":"","meta":{"footnotes":""},"class_list":["post-2823","page","type-page","status-publish","has-post-thumbnail","hentry"],"yoast_head":"<!-- This site is optimized with the Yoast SEO plugin v25.3.1 - https:\/\/yoast.com\/wordpress\/plugins\/seo\/ -->\n<title>Presenze Sovrapposte | Opera di Cristiano Scano<\/title>\n<meta name=\"description\" content=\"Scopri &quot;Presenze Sovrapposte&quot;, un&#039;opera d&#039;arte in resina di Cristiano Scano. Figure stilizzate si sovrappongono in una composizione ricca e multidimensionale che riflette la complessit\u00e0 di presenza, memoria e identit\u00e0, invitando a una lettura emotiva pi\u00f9 profonda.\" \/>\n<meta name=\"robots\" content=\"index, follow, max-snippet:-1, max-image-preview:large, max-video-preview:-1\" \/>\n<link rel=\"canonical\" href=\"https:\/\/cristianoscano.com\/it\/opere\/opera-diciannove\/\" \/>\n<meta property=\"og:locale\" content=\"it_IT\" \/>\n<meta property=\"og:type\" content=\"article\" \/>\n<meta property=\"og:title\" content=\"Presenze Sovrapposte | Opera di Cristiano Scano\" \/>\n<meta property=\"og:description\" content=\"Scopri &quot;Presenze Sovrapposte&quot;, un&#039;opera d&#039;arte in resina di Cristiano Scano. Figure stilizzate si sovrappongono in una composizione ricca e multidimensionale che riflette la complessit\u00e0 di presenza, memoria e identit\u00e0, invitando a una lettura emotiva pi\u00f9 profonda.\" \/>\n<meta property=\"og:url\" content=\"https:\/\/cristianoscano.com\/it\/opere\/opera-diciannove\/\" \/>\n<meta property=\"og:site_name\" content=\"Cristiano Scano\" \/>\n<meta property=\"article:modified_time\" content=\"2025-07-07T07:45:12+00:00\" \/>\n<meta property=\"og:image\" content=\"https:\/\/cristianoscano.com\/wp-content\/uploads\/2025\/06\/DAN02478.jpg\" \/>\n\t<meta property=\"og:image:width\" content=\"768\" \/>\n\t<meta property=\"og:image:height\" content=\"1000\" \/>\n\t<meta property=\"og:image:type\" content=\"image\/jpeg\" \/>\n<meta name=\"twitter:card\" content=\"summary_large_image\" \/>\n<script type=\"application\/ld+json\" class=\"yoast-schema-graph\">{\"@context\":\"https:\/\/schema.org\",\"@graph\":[{\"@type\":\"WebPage\",\"@id\":\"https:\/\/cristianoscano.com\/it\/opere\/opera-diciannove\/\",\"url\":\"https:\/\/cristianoscano.com\/it\/opere\/opera-diciannove\/\",\"name\":\"Presenze Sovrapposte | Opera di Cristiano Scano\",\"isPartOf\":{\"@id\":\"https:\/\/cristianoscano.com\/it\/#website\"},\"primaryImageOfPage\":{\"@id\":\"https:\/\/cristianoscano.com\/it\/opere\/opera-diciannove\/#primaryimage\"},\"image\":{\"@id\":\"https:\/\/cristianoscano.com\/it\/opere\/opera-diciannove\/#primaryimage\"},\"thumbnailUrl\":\"https:\/\/cristianoscano.com\/wp-content\/uploads\/2025\/06\/DAN02478.jpg\",\"datePublished\":\"2025-06-05T13:30:09+00:00\",\"dateModified\":\"2025-07-07T07:45:12+00:00\",\"description\":\"Scopri \\\"Presenze Sovrapposte\\\", un'opera d'arte in resina di Cristiano Scano. Figure stilizzate si sovrappongono in una composizione ricca e multidimensionale che riflette la complessit\u00e0 di presenza, memoria e identit\u00e0, invitando a una lettura emotiva pi\u00f9 profonda.\",\"breadcrumb\":{\"@id\":\"https:\/\/cristianoscano.com\/it\/opere\/opera-diciannove\/#breadcrumb\"},\"inLanguage\":\"it-IT\",\"potentialAction\":[{\"@type\":\"ReadAction\",\"target\":[\"https:\/\/cristianoscano.com\/it\/opere\/opera-diciannove\/\"]}]},{\"@type\":\"ImageObject\",\"inLanguage\":\"it-IT\",\"@id\":\"https:\/\/cristianoscano.com\/it\/opere\/opera-diciannove\/#primaryimage\",\"url\":\"https:\/\/cristianoscano.com\/wp-content\/uploads\/2025\/06\/DAN02478.jpg\",\"contentUrl\":\"https:\/\/cristianoscano.com\/wp-content\/uploads\/2025\/06\/DAN02478.jpg\",\"width\":768,\"height\":1000},{\"@type\":\"BreadcrumbList\",\"@id\":\"https:\/\/cristianoscano.com\/it\/opere\/opera-diciannove\/#breadcrumb\",\"itemListElement\":[{\"@type\":\"ListItem\",\"position\":1,\"name\":\"Home\",\"item\":\"https:\/\/cristianoscano.com\/it\/\"},{\"@type\":\"ListItem\",\"position\":2,\"name\":\"Opere\",\"item\":\"https:\/\/cristianoscano.com\/it\/opere\/\"},{\"@type\":\"ListItem\",\"position\":3,\"name\":\"Presenze sovrapposte\"}]},{\"@type\":\"WebSite\",\"@id\":\"https:\/\/cristianoscano.com\/it\/#website\",\"url\":\"https:\/\/cristianoscano.com\/it\/\",\"name\":\"Cristiano Scano\",\"description\":\"\",\"publisher\":{\"@id\":\"https:\/\/cristianoscano.com\/it\/#organization\"},\"potentialAction\":[{\"@type\":\"SearchAction\",\"target\":{\"@type\":\"EntryPoint\",\"urlTemplate\":\"https:\/\/cristianoscano.com\/it\/?s={search_term_string}\"},\"query-input\":{\"@type\":\"PropertyValueSpecification\",\"valueRequired\":true,\"valueName\":\"search_term_string\"}}],\"inLanguage\":\"it-IT\"},{\"@type\":\"Organization\",\"@id\":\"https:\/\/cristianoscano.com\/it\/#organization\",\"name\":\"Cristiano Scano\",\"url\":\"https:\/\/cristianoscano.com\/it\/\",\"logo\":{\"@type\":\"ImageObject\",\"inLanguage\":\"it-IT\",\"@id\":\"https:\/\/cristianoscano.com\/it\/#\/schema\/logo\/image\/\",\"url\":\"https:\/\/cristianoscano.com\/wp-content\/uploads\/2025\/06\/cristiano-scano-4.png\",\"contentUrl\":\"https:\/\/cristianoscano.com\/wp-content\/uploads\/2025\/06\/cristiano-scano-4.png\",\"width\":1041,\"height\":428,\"caption\":\"Cristiano Scano\"},\"image\":{\"@id\":\"https:\/\/cristianoscano.com\/it\/#\/schema\/logo\/image\/\"},\"sameAs\":[\"https:\/\/www.instagram.com\/cristianoscano\/\"]}]}<\/script>\n<!-- \/ Yoast SEO plugin. -->","yoast_head_json":{"title":"Presenze Sovrapposte | Opera di Cristiano Scano","description":"Scopri \"Presenze Sovrapposte\", un'opera d'arte in resina di Cristiano Scano. Figure stilizzate si sovrappongono in una composizione ricca e multidimensionale che riflette la complessit\u00e0 di presenza, memoria e identit\u00e0, invitando a una lettura emotiva pi\u00f9 profonda.","robots":{"index":"index","follow":"follow","max-snippet":"max-snippet:-1","max-image-preview":"max-image-preview:large","max-video-preview":"max-video-preview:-1"},"canonical":"https:\/\/cristianoscano.com\/it\/opere\/opera-diciannove\/","og_locale":"it_IT","og_type":"article","og_title":"Presenze Sovrapposte | Opera di Cristiano Scano","og_description":"Scopri \"Presenze Sovrapposte\", un'opera d'arte in resina di Cristiano Scano. Figure stilizzate si sovrappongono in una composizione ricca e multidimensionale che riflette la complessit\u00e0 di presenza, memoria e identit\u00e0, invitando a una lettura emotiva pi\u00f9 profonda.","og_url":"https:\/\/cristianoscano.com\/it\/opere\/opera-diciannove\/","og_site_name":"Cristiano Scano","article_modified_time":"2025-07-07T07:45:12+00:00","og_image":[{"width":768,"height":1000,"url":"https:\/\/cristianoscano.com\/wp-content\/uploads\/2025\/06\/DAN02478.jpg","type":"image\/jpeg"}],"twitter_card":"summary_large_image","schema":{"@context":"https:\/\/schema.org","@graph":[{"@type":"WebPage","@id":"https:\/\/cristianoscano.com\/it\/opere\/opera-diciannove\/","url":"https:\/\/cristianoscano.com\/it\/opere\/opera-diciannove\/","name":"Presenze Sovrapposte | Opera di Cristiano Scano","isPartOf":{"@id":"https:\/\/cristianoscano.com\/it\/#website"},"primaryImageOfPage":{"@id":"https:\/\/cristianoscano.com\/it\/opere\/opera-diciannove\/#primaryimage"},"image":{"@id":"https:\/\/cristianoscano.com\/it\/opere\/opera-diciannove\/#primaryimage"},"thumbnailUrl":"https:\/\/cristianoscano.com\/wp-content\/uploads\/2025\/06\/DAN02478.jpg","datePublished":"2025-06-05T13:30:09+00:00","dateModified":"2025-07-07T07:45:12+00:00","description":"Scopri \"Presenze Sovrapposte\", un'opera d'arte in resina di Cristiano Scano. Figure stilizzate si sovrappongono in una composizione ricca e multidimensionale che riflette la complessit\u00e0 di presenza, memoria e identit\u00e0, invitando a una lettura emotiva pi\u00f9 profonda.","breadcrumb":{"@id":"https:\/\/cristianoscano.com\/it\/opere\/opera-diciannove\/#breadcrumb"},"inLanguage":"it-IT","potentialAction":[{"@type":"ReadAction","target":["https:\/\/cristianoscano.com\/it\/opere\/opera-diciannove\/"]}]},{"@type":"ImageObject","inLanguage":"it-IT","@id":"https:\/\/cristianoscano.com\/it\/opere\/opera-diciannove\/#primaryimage","url":"https:\/\/cristianoscano.com\/wp-content\/uploads\/2025\/06\/DAN02478.jpg","contentUrl":"https:\/\/cristianoscano.com\/wp-content\/uploads\/2025\/06\/DAN02478.jpg","width":768,"height":1000},{"@type":"BreadcrumbList","@id":"https:\/\/cristianoscano.com\/it\/opere\/opera-diciannove\/#breadcrumb","itemListElement":[{"@type":"ListItem","position":1,"name":"Home","item":"https:\/\/cristianoscano.com\/it\/"},{"@type":"ListItem","position":2,"name":"Opere","item":"https:\/\/cristianoscano.com\/it\/opere\/"},{"@type":"ListItem","position":3,"name":"Presenze sovrapposte"}]},{"@type":"WebSite","@id":"https:\/\/cristianoscano.com\/it\/#website","url":"https:\/\/cristianoscano.com\/it\/","name":"Cristiano Scano","description":"","publisher":{"@id":"https:\/\/cristianoscano.com\/it\/#organization"},"potentialAction":[{"@type":"SearchAction","target":{"@type":"EntryPoint","urlTemplate":"https:\/\/cristianoscano.com\/it\/?s={search_term_string}"},"query-input":{"@type":"PropertyValueSpecification","valueRequired":true,"valueName":"search_term_string"}}],"inLanguage":"it-IT"},{"@type":"Organization","@id":"https:\/\/cristianoscano.com\/it\/#organization","name":"Cristiano Scano","url":"https:\/\/cristianoscano.com\/it\/","logo":{"@type":"ImageObject","inLanguage":"it-IT","@id":"https:\/\/cristianoscano.com\/it\/#\/schema\/logo\/image\/","url":"https:\/\/cristianoscano.com\/wp-content\/uploads\/2025\/06\/cristiano-scano-4.png","contentUrl":"https:\/\/cristianoscano.com\/wp-content\/uploads\/2025\/06\/cristiano-scano-4.png","width":1041,"height":428,"caption":"Cristiano Scano"},"image":{"@id":"https:\/\/cristianoscano.com\/it\/#\/schema\/logo\/image\/"},"sameAs":["https:\/\/www.instagram.com\/cristianoscano\/"]}]}},"_links":{"self":[{"href":"https:\/\/cristianoscano.com\/it\/wp-json\/wp\/v2\/pages\/2823","targetHints":{"allow":["GET"]}}],"collection":[{"href":"https:\/\/cristianoscano.com\/it\/wp-json\/wp\/v2\/pages"}],"about":[{"href":"https:\/\/cristianoscano.com\/it\/wp-json\/wp\/v2\/types\/page"}],"author":[{"embeddable":true,"href":"https:\/\/cristianoscano.com\/it\/wp-json\/wp\/v2\/users\/1"}],"replies":[{"embeddable":true,"href":"https:\/\/cristianoscano.com\/it\/wp-json\/wp\/v2\/comments?post=2823"}],"version-history":[{"count":12,"href":"https:\/\/cristianoscano.com\/it\/wp-json\/wp\/v2\/pages\/2823\/revisions"}],"predecessor-version":[{"id":4187,"href":"https:\/\/cristianoscano.com\/it\/wp-json\/wp\/v2\/pages\/2823\/revisions\/4187"}],"up":[{"embeddable":true,"href":"https:\/\/cristianoscano.com\/it\/wp-json\/wp\/v2\/pages\/2878"}],"wp:featuredmedia":[{"embeddable":true,"href":"https:\/\/cristianoscano.com\/it\/wp-json\/wp\/v2\/media\/1179"}],"wp:attachment":[{"href":"https:\/\/cristianoscano.com\/it\/wp-json\/wp\/v2\/media?parent=2823"}],"curies":[{"name":"wp","href":"https:\/\/api.w.org\/{rel}","templated":true}]}}